{"id":529,"date":"2025-02-03T10:51:42","date_gmt":"2025-02-03T09:51:42","guid":{"rendered":"https:\/\/www.jobtourisme29.fr\/?page_id=529"},"modified":"2025-02-04T15:39:05","modified_gmt":"2025-02-04T14:39:05","slug":"mentions-legales","status":"publish","type":"page","link":"https:\/\/www.jobtourisme29.fr\/index.php\/mentions-legales\/","title":{"rendered":"Mentions l\u00e9gales"},"content":{"rendered":"\t\t<div data-elementor-type=\"wp-page\" data-elementor-id=\"529\" class=\"elementor elementor-529\">\n\t\t\t\t<div class=\"elementor-element elementor-element-b6b5eec e-flex e-con-boxed e-con e-parent\" data-id=\"b6b5eec\" data-element_type=\"container\">\n\t\t\t\t\t<div class=\"e-con-inner\">\n\t\t\t\t<div class=\"elementor-element elementor-element-a6c43fa elementor-widget elementor-widget-spacer\" data-id=\"a6c43fa\" data-element_type=\"widget\" data-widget_type=\"spacer.default\">\n\t\t\t\t<div class=\"elementor-widget-container\">\n\t\t\t\t\t\t\t<div class=\"elementor-spacer\">\n\t\t\t<div class=\"elementor-spacer-inner\"><\/div>\n\t\t<\/div>\n\t\t\t\t\t\t<\/div>\n\t\t\t\t<\/div>\n\t\t\t\t\t<\/div>\n\t\t\t\t<\/div>\n\t\t<div class=\"elementor-element elementor-element-01f1fe7 e-flex e-con-boxed e-con e-parent\" data-id=\"01f1fe7\" data-element_type=\"container\">\n\t\t\t\t\t<div class=\"e-con-inner\">\n\t\t<div class=\"elementor-element elementor-element-8db9b1e e-con-full e-flex e-con e-child\" data-id=\"8db9b1e\" data-element_type=\"container\">\n\t\t\t\t<div class=\"elementor-element elementor-element-f3cd96f elementor-widget-tablet__width-initial elementor-widget elementor-widget-heading\" data-id=\"f3cd96f\" data-element_type=\"widget\" data-widget_type=\"heading.default\">\n\t\t\t\t<div class=\"elementor-widget-container\">\n\t\t\t\t\t<h2 class=\"elementor-heading-title elementor-size-default\">Mentions l\u00e9gales<\/h2>\t\t\t\t<\/div>\n\t\t\t\t<\/div>\n\t\t\t\t<\/div>\n\t\t\t\t\t<\/div>\n\t\t\t\t<\/div>\n\t\t<div class=\"elementor-element elementor-element-fa8ddee e-flex e-con-boxed e-con e-parent\" data-id=\"fa8ddee\" data-element_type=\"container\">\n\t\t\t\t\t<div class=\"e-con-inner\">\n\t\t\t\t<div class=\"elementor-element elementor-element-10a7e12 elementor-widget__width-initial elementor-widget elementor-widget-text-editor\" data-id=\"10a7e12\" data-element_type=\"widget\" data-widget_type=\"text-editor.default\">\n\t\t\t\t<div class=\"elementor-widget-container\">\n\t\t\t\t\t\t\t\t\t<p><b><span data-contrast=\"auto\">Editeur du site\u202f:<\/span><\/b><span data-ccp-props=\"{}\">&nbsp;<\/span><\/p>\n<p><a href=\"https:\/\/www.jobtourisme29.fr\/\"><b><span data-contrast=\"none\">https:\/\/www.jobtourisme29.fr\/<\/span><\/b><\/a> <span data-contrast=\"auto\">est le site officiel du salon Job\u2019Tourisme en 29 organis\u00e9e par la CCI Finist\u00e8re, 1 place du 19<\/span><span data-contrast=\"auto\">\u00e8me<\/span><span data-contrast=\"auto\"> RI, 29200 Brest. T\u00e9l. 02 98 00 38 00. Courriel :\u202f<\/span><a href=\"mailto:accueil@finistere.cci.fr\"><span data-contrast=\"none\">accueil@finistere.cci.fr<\/span><\/a> <a href=\"http:\/\/www.bretagne.cci.fr\/finistere\"><span data-contrast=\"none\">www.bretagne.cci.fr\/finistere<\/span><\/a><span data-ccp-props=\"{}\">&nbsp;<\/span><\/p>\n<p><b><span data-contrast=\"auto\">Responsable de la publication :<\/span><\/b><span data-contrast=\"auto\"> Blandine Kermarec, responsable de la communication op\u00e9rationnelle CCI Finist\u00e8re.<\/span><span data-ccp-props=\"{}\">&nbsp;<\/span><\/p>\n<p><b><span data-contrast=\"auto\">H\u00e9bergement :<\/span><\/b> <span data-contrast=\"auto\">CCI<\/span><span data-contrast=\"auto\">. L\u2019\u00e9diteur s\u2019engage \u00e0 respecter l\u2019ensemble des lois concernant la mise en place et l\u2019activit\u00e9 d\u2019un site Internet.<\/span><span data-ccp-props=\"{}\">&nbsp;<\/span><\/p>\n<p><b><span data-contrast=\"auto\">Droits d\u2019auteur\u202f:<\/span><\/b>&nbsp;<br><span data-contrast=\"auto\">La reproduction ou la repr\u00e9sentation, int\u00e9grale ou partielle, des pages, des donn\u00e9es et de tout autre \u00e9l\u00e9ment constitutif au site, par quelque proc\u00e9d\u00e9 ou support que ce soit, est interdite et constitue sans autorisation de l\u2019\u00e9diteur une contrefa\u00e7on.<\/span><span data-ccp-props=\"{}\">&nbsp;<\/span><\/p>\n<p><b><span data-contrast=\"auto\">Marques et logos\u202f:<\/span><\/b>&nbsp;<br><span data-contrast=\"auto\">La d\u00e9nomination\u202f<\/span><a href=\"https:\/\/www.jobtourisme29.fr\/\"><b><span data-contrast=\"none\">https:\/\/www.jobtourisme29.fr\/<\/span><\/b><\/a> <span data-contrast=\"auto\">est prot\u00e9g\u00e9e au titre des droits de propri\u00e9t\u00e9 industrielle. Il en va de m\u00eame pour les logos et\/ou les d\u00e9nominations des diff\u00e9rents partenaires du forum pr\u00e9sents sur le site. Toute reproduction totale ou partielle de ces signes distinctifs sans autorisation de leurs propri\u00e9taires est donc prohib\u00e9e.<\/span><span data-ccp-props=\"{}\">&nbsp;<\/span><\/p>\n<p><b><span data-contrast=\"auto\">R\u00e9alisation du site, d\u00e9veloppement et web design :<\/span><\/b><span data-contrast=\"auto\">&nbsp;service communication, <\/span><span data-contrast=\"auto\">CCI Finist\u00e8re<\/span><span data-ccp-props=\"{}\">&nbsp;<\/span><\/p>\n<p><span data-ccp-props=\"{}\">&nbsp;<\/span><\/p>\t\t\t\t\t\t\t\t<\/div>\n\t\t\t\t<\/div>\n\t\t\t\t\t<\/div>\n\t\t\t\t<\/div>\n\t\t\t\t<\/div>\n\t\t","protected":false},"excerpt":{"rendered":"<p>Mentions l\u00e9gales Editeur du site\u202f:&nbsp; https:\/\/www.jobtourisme29.fr\/ est le site officiel du salon Job\u2019Tourisme en 29 organis\u00e9e par la CCI Finist\u00e8re, [&hellip;]<\/p>\n","protected":false},"author":2,"featured_media":0,"parent":0,"menu_order":0,"comment_status":"closed","ping_status":"closed","template":"","meta":{"site-sidebar-layout":"no-sidebar","site-content-layout":"","ast-site-content-layout":"full-width-container","site-content-style":"default","site-sidebar-style":"default","ast-global-header-display":"","ast-banner-title-visibility":"","ast-main-header-display":"","ast-hfb-above-header-display":"","ast-hfb-below-header-display":"","ast-hfb-mobile-header-display":"","site-post-title":"disabled","ast-breadcrumbs-content":"","ast-featured-img":"disabled","footer-sml-layout":"","theme-transparent-header-meta":"","adv-header-id-meta":"","stick-header-meta":"","header-above-stick-meta":"","header-main-stick-meta":"","header-below-stick-meta":"","astra-migrate-meta-layouts":"default","ast-page-background-enabled":"default","ast-page-background-meta":{"desktop":{"background-color":"var(--ast-global-color-5)","background-image":"","background-repeat":"repeat","background-position":"center center","background-size":"auto","background-attachment":"scroll","background-type":"","background-media":"","overlay-type":"","overlay-color":"","overlay-opacity":"","overlay-gradient":""},"tablet":{"background-color":"","background-image":"","background-repeat":"repeat","background-position":"center center","background-size":"auto","background-attachment":"scroll","background-type":"","background-media":"","overlay-type":"","overlay-color":"","overlay-opacity":"","overlay-gradient":""},"mobile":{"background-color":"","background-image":"","background-repeat":"repeat","background-position":"center center","background-size":"auto","background-attachment":"scroll","background-type":"","background-media":"","overlay-type":"","overlay-color":"","overlay-opacity":"","overlay-gradient":""}},"ast-content-background-meta":{"desktop":{"background-color":"var(--ast-global-color-4)","background-image":"","background-repeat":"repeat","background-position":"center center","background-size":"auto","background-attachment":"scroll","background-type":"","background-media":"","overlay-type":"","overlay-color":"","overlay-opacity":"","overlay-gradient":""},"tablet":{"background-color":"var(--ast-global-color-4)","background-image":"","background-repeat":"repeat","background-position":"center center","background-size":"auto","background-attachment":"scroll","background-type":"","background-media":"","overlay-type":"","overlay-color":"","overlay-opacity":"","overlay-gradient":""},"mobile":{"background-color":"var(--ast-global-color-4)","background-image":"","background-repeat":"repeat","background-position":"center center","background-size":"auto","background-attachment":"scroll","background-type":"","background-media":"","overlay-type":"","overlay-color":"","overlay-opacity":"","overlay-gradient":""}},"footnotes":""},"class_list":["post-529","page","type-page","status-publish","hentry"],"yoast_head":"<!-- This site is optimized with the Yoast SEO plugin v25.1 - https:\/\/yoast.com\/wordpress\/plugins\/seo\/ -->\n<title>Mentions l\u00e9gales - Job tourisme en 29<\/title>\n<meta name=\"robots\" content=\"index, follow, max-snippet:-1, max-image-preview:large, max-video-preview:-1\" \/>\n<link rel=\"canonical\" href=\"https:\/\/www.jobtourisme29.fr\/index.php\/mentions-legales\/\" \/>\n<meta property=\"og:locale\" content=\"fr_FR\" \/>\n<meta property=\"og:type\" content=\"article\" \/>\n<meta property=\"og:title\" content=\"Mentions l\u00e9gales - Job tourisme en 29\" \/>\n<meta property=\"og:description\" content=\"Mentions l\u00e9gales Editeur du site\u202f:&nbsp; https:\/\/www.jobtourisme29.fr\/ est le site officiel du salon Job\u2019Tourisme en 29 organis\u00e9e par la CCI Finist\u00e8re, [&hellip;]\" \/>\n<meta property=\"og:url\" content=\"https:\/\/www.jobtourisme29.fr\/index.php\/mentions-legales\/\" \/>\n<meta property=\"og:site_name\" content=\"Job tourisme en 29\" \/>\n<meta property=\"article:modified_time\" content=\"2025-02-04T14:39:05+00:00\" \/>\n<meta name=\"twitter:card\" content=\"summary_large_image\" \/>\n<meta name=\"twitter:label1\" content=\"Dur\u00e9e de lecture estim\u00e9e\" \/>\n\t<meta name=\"twitter:data1\" content=\"1 minute\" \/>\n<script type=\"application\/ld+json\" class=\"yoast-schema-graph\">{\"@context\":\"https:\/\/schema.org\",\"@graph\":[{\"@type\":\"WebPage\",\"@id\":\"https:\/\/www.jobtourisme29.fr\/index.php\/mentions-legales\/\",\"url\":\"https:\/\/www.jobtourisme29.fr\/index.php\/mentions-legales\/\",\"name\":\"Mentions l\u00e9gales - Job tourisme en 29\",\"isPartOf\":{\"@id\":\"https:\/\/www.jobtourisme29.fr\/#website\"},\"datePublished\":\"2025-02-03T09:51:42+00:00\",\"dateModified\":\"2025-02-04T14:39:05+00:00\",\"breadcrumb\":{\"@id\":\"https:\/\/www.jobtourisme29.fr\/index.php\/mentions-legales\/#breadcrumb\"},\"inLanguage\":\"fr-FR\",\"potentialAction\":[{\"@type\":\"ReadAction\",\"target\":[\"https:\/\/www.jobtourisme29.fr\/index.php\/mentions-legales\/\"]}]},{\"@type\":\"BreadcrumbList\",\"@id\":\"https:\/\/www.jobtourisme29.fr\/index.php\/mentions-legales\/#breadcrumb\",\"itemListElement\":[{\"@type\":\"ListItem\",\"position\":1,\"name\":\"Accueil\",\"item\":\"https:\/\/www.jobtourisme29.fr\/\"},{\"@type\":\"ListItem\",\"position\":2,\"name\":\"Mentions l\u00e9gales\"}]},{\"@type\":\"WebSite\",\"@id\":\"https:\/\/www.jobtourisme29.fr\/#website\",\"url\":\"https:\/\/www.jobtourisme29.fr\/\",\"name\":\"Job tourisme en 29\",\"description\":\"Un salon itin\u00e9rant finist\u00e9rien de l\u2019emploi des m\u00e9tiers du tourisme, camping et de l\u2019h\u00f4tellerie-restauration\",\"potentialAction\":[{\"@type\":\"SearchAction\",\"target\":{\"@type\":\"EntryPoint\",\"urlTemplate\":\"https:\/\/www.jobtourisme29.fr\/?s={search_term_string}\"},\"query-input\":{\"@type\":\"PropertyValueSpecification\",\"valueRequired\":true,\"valueName\":\"search_term_string\"}}],\"inLanguage\":\"fr-FR\"}]}<\/script>\n<!-- \/ Yoast SEO plugin. -->","yoast_head_json":{"title":"Mentions l\u00e9gales - Job tourisme en 29","robots":{"index":"index","follow":"follow","max-snippet":"max-snippet:-1","max-image-preview":"max-image-preview:large","max-video-preview":"max-video-preview:-1"},"canonical":"https:\/\/www.jobtourisme29.fr\/index.php\/mentions-legales\/","og_locale":"fr_FR","og_type":"article","og_title":"Mentions l\u00e9gales - Job tourisme en 29","og_description":"Mentions l\u00e9gales Editeur du site\u202f:&nbsp; https:\/\/www.jobtourisme29.fr\/ est le site officiel du salon Job\u2019Tourisme en 29 organis\u00e9e par la CCI Finist\u00e8re, [&hellip;]","og_url":"https:\/\/www.jobtourisme29.fr\/index.php\/mentions-legales\/","og_site_name":"Job tourisme en 29","article_modified_time":"2025-02-04T14:39:05+00:00","twitter_card":"summary_large_image","twitter_misc":{"Dur\u00e9e de lecture estim\u00e9e":"1 minute"},"schema":{"@context":"https:\/\/schema.org","@graph":[{"@type":"WebPage","@id":"https:\/\/www.jobtourisme29.fr\/index.php\/mentions-legales\/","url":"https:\/\/www.jobtourisme29.fr\/index.php\/mentions-legales\/","name":"Mentions l\u00e9gales - Job tourisme en 29","isPartOf":{"@id":"https:\/\/www.jobtourisme29.fr\/#website"},"datePublished":"2025-02-03T09:51:42+00:00","dateModified":"2025-02-04T14:39:05+00:00","breadcrumb":{"@id":"https:\/\/www.jobtourisme29.fr\/index.php\/mentions-legales\/#breadcrumb"},"inLanguage":"fr-FR","potentialAction":[{"@type":"ReadAction","target":["https:\/\/www.jobtourisme29.fr\/index.php\/mentions-legales\/"]}]},{"@type":"BreadcrumbList","@id":"https:\/\/www.jobtourisme29.fr\/index.php\/mentions-legales\/#breadcrumb","itemListElement":[{"@type":"ListItem","position":1,"name":"Accueil","item":"https:\/\/www.jobtourisme29.fr\/"},{"@type":"ListItem","position":2,"name":"Mentions l\u00e9gales"}]},{"@type":"WebSite","@id":"https:\/\/www.jobtourisme29.fr\/#website","url":"https:\/\/www.jobtourisme29.fr\/","name":"Job tourisme en 29","description":"Un salon itin\u00e9rant finist\u00e9rien de l\u2019emploi des m\u00e9tiers du tourisme, camping et de l\u2019h\u00f4tellerie-restauration","potentialAction":[{"@type":"SearchAction","target":{"@type":"EntryPoint","urlTemplate":"https:\/\/www.jobtourisme29.fr\/?s={search_term_string}"},"query-input":{"@type":"PropertyValueSpecification","valueRequired":true,"valueName":"search_term_string"}}],"inLanguage":"fr-FR"}]}},"_links":{"self":[{"href":"https:\/\/www.jobtourisme29.fr\/index.php\/wp-json\/wp\/v2\/pages\/529","targetHints":{"allow":["GET"]}}],"collection":[{"href":"https:\/\/www.jobtourisme29.fr\/index.php\/wp-json\/wp\/v2\/pages"}],"about":[{"href":"https:\/\/www.jobtourisme29.fr\/index.php\/wp-json\/wp\/v2\/types\/page"}],"author":[{"embeddable":true,"href":"https:\/\/www.jobtourisme29.fr\/index.php\/wp-json\/wp\/v2\/users\/2"}],"replies":[{"embeddable":true,"href":"https:\/\/www.jobtourisme29.fr\/index.php\/wp-json\/wp\/v2\/comments?post=529"}],"version-history":[{"count":13,"href":"https:\/\/www.jobtourisme29.fr\/index.php\/wp-json\/wp\/v2\/pages\/529\/revisions"}],"predecessor-version":[{"id":692,"href":"https:\/\/www.jobtourisme29.fr\/index.php\/wp-json\/wp\/v2\/pages\/529\/revisions\/692"}],"wp:attachment":[{"href":"https:\/\/www.jobtourisme29.fr\/index.php\/wp-json\/wp\/v2\/media?parent=529"}],"curies":[{"name":"wp","href":"https:\/\/api.w.org\/{rel}","templated":true}]}}