{"id":624,"date":"2025-02-03T11:46:21","date_gmt":"2025-02-03T10:46:21","guid":{"rendered":"https:\/\/www.jobtourisme29.fr\/?page_id=624"},"modified":"2026-03-05T11:57:47","modified_gmt":"2026-03-05T10:57:47","slug":"samedi-26-fevrier-douarnenez","status":"publish","type":"page","link":"https:\/\/www.jobtourisme29.fr\/index.php\/samedi-26-fevrier-douarnenez\/","title":{"rendered":"Samedi 26 f\u00e9vrier \u2013 Douarnenez"},"content":{"rendered":"<p><img decoding=\"async\" src=\"https:\/\/www.jobtourisme29.fr\/wp-content\/uploads\/elementor\/thumbs\/bande-rose-e1737537862400-r0djc8cblbz73py1tbkvpmbpt2psj3fj9tgcodj8x4.gif\" title=\"bande-rose\" alt=\"bande-rose\" loading=\"lazy\" \/>\t\t\t\t\t\t\t\t\t\t\t\t\t\t\t<\/p>\n<h2>Jeudi 26 f\u00e9vrier \u2013 Douarnenez<\/h2>\n<p>9h \u2013 12h : Salle des f\u00eates<\/p>\n<p>Job Dating<\/p>\n<p>Organisation Douarnenez communaut\u00e9<\/p>\n<p>\t\t\t\t\t\t\t\t\t\t\t\t\t\t\t<img decoding=\"async\" src=\"https:\/\/www.jobtourisme29.fr\/wp-content\/uploads\/elementor\/thumbs\/bande-rose-e1737537862400-r0djc8cblbz73py1tbkvpmbpt2psj3fj9tgcodj8x4.gif\" title=\"bande-rose\" alt=\"bande-rose\" loading=\"lazy\" \/>\t\t\t\t\t\t\t\t\t\t\t\t\t\t\t<\/p>\n<p>Les offres<\/p>\n<h2>H\u00f4tel &#8211; Restaurant Ty Mad<\/h2>\n<p>\t\t\t\t\t\t\tCDD : 24h\/semaine<br \/>Saison de 5 mois<br \/>1 poste \u00e0 pourvoir<br \/>\n\t\t\t\t\t\t\t\t\t\t\t\t\t\tEmploy\u00e9 polyvalent h\u00f4tellerie-restauration H\/F<br \/>\n\t\t\t\t\t\t\t\t\t\t\t\t\t\t\t\t\t\t\t\t\t\tDouarnenez<br \/>\n\t\t\t\t\t\t\tCDD : 30h\/semaine<br \/>Saison de 7 mois<br \/>1 poste \u00e0 pourvoir<br \/>\n\t\t\t\t\t\t\t\t\t\t\t\t\t\tServeur petit d\u00e9jeuner H\/F<br \/>\n\t\t\t\t\t\t\t\t\t\t\t\t\t\t\t\t\t\t\t\t\t\tDouarnenez<br \/>\n\t\t\t\t\t\t\tCDD : 20h\/semaine<br \/>Dur\u00e9e : 5 mois<br \/>1 poste \u00e0 pourvoir<br \/>\n\t\t\t\t\t\t\t\t\t\t\t\t\t\tCommis de cuisine H\/F<br \/>\n\t\t\t\t\t\t\t\t\t\t\t\t\t\t\t\t\t\t\t\t\t\tDouarnenez<br \/>\n\t\t\t\t\t\t\tCDD : 25h\/semaine<br \/>Saison de 7 mois<br \/>1 poste \u00e0 pourvoir<br \/>\n\t\t\t\t\t\t\t\t\t\t\t\t\t\tR\u00e9ceptionniste H\/F<br \/>\n\t\t\t\t\t\t\t\t\t\t\t\t\t\t\t\t\t\t\t\t\t\tDouarnenez<br \/>\n\t\t\t\t\t\t\tCDD : 30h\/semaine<br \/>Saison de 5 mois<br \/>1 poste \u00e0 pourvoir<br \/>\n\t\t\t\t\t\t\t\t\t\t\t\t\t\tServeur de restaurant H\/F<br \/>\n\t\t\t\t\t\t\t\t\t\t\t\t\t\t\t\t\t\t\t\t\t\tDouarnenez<\/p>\n<p>Les offres<\/p>\n<h2>La Capitainerie<\/h2>\n<p>\t\t\t\t\t\t\tCDD : 35h\/semaine<br \/>Dur\u00e9e : 6 mois<br \/>1 poste \u00e0 pourvoir<br \/>\n\t\t\t\t\t\t\t\t\t\t\t\t\t\tPlongeur \/ Aide commis de cuisine H\/F<br \/>\n\t\t\t\t\t\t\t\t\t\t\t\t\t\t\t\t\t\t\t\t\t\tDouarnenez<br \/>\n\t\t\t\t\t\t\tJob \u00e9tudiant : 35h\/semaine<br \/>De juillet \u00e0 ao\u00fbt<br \/>1 poste \u00e0 pourvoir<br \/>\n\t\t\t\t\t\t\t\t\t\t\t\t\t\tServeur \/ Plongeur \/ Aide cuisine H\/F<br \/>\n\t\t\t\t\t\t\t\t\t\t\t\t\t\t\t\t\t\t\t\t\t\tDouarnenez<br \/>\n\t\t\t\t\t\t\tCDD : 35h\/semaine<br \/>Dur\u00e9e : 6 mois<br \/>1 poste \u00e0 pourvoir<br \/>\n\t\t\t\t\t\t\t\t\t\t\t\t\t\tServeur H\/F<br \/>\n\t\t\t\t\t\t\t\t\t\t\t\t\t\t\t\t\t\t\t\t\t\tDouarnenez<br \/>\n\t\t\t\t\t\t\tCDD : 39h\/semaine<br \/>1 poste \u00e0 pourvoir<br \/>\n\t\t\t\t\t\t\t\t\t\t\t\t\t\tChef de rang H\/F<br \/>\n\t\t\t\t\t\t\t\t\t\t\t\t\t\t\t\t\t\t\t\t\t\tDouarnenez<\/p>\n<p>Les offres<\/p>\n<h2>L&rsquo;Aromatik<\/h2>\n<p>\t\t\t\t\t\t\tCDI : 39h\/semaine<br \/>1 poste \u00e0 pourvoir<br \/>\n\t\t\t\t\t\t\t\t\t\t\t\t\t\tChef de partie H\/F<br \/>\n\t\t\t\t\t\t\t\t\t\t\t\t\t\t\t\t\t\t\t\t\t\tDouarnenez<\/p>\n<p>Les offres<\/p>\n<h2>Pierre &amp; Vacances<\/h2>\n<p>\t\t\t\t\t\t\tCDD : 35h\/semaine<br \/>1 poste \u00e0 pourvoir<br \/>\n\t\t\t\t\t\t\t\t\t\t\t\t\t\tAgent technique H\/F<br \/>\n\t\t\t\t\t\t\t\t\t\t\t\t\t\t\t\t\t\t\t\t\t\tDouarnenez<\/p>\n<p>Les offres<\/p>\n<h2>Valdys &#8211; Thalasso Douarnenez<\/h2>\n<p>\t\t\t\t\t\t\tCDI : 39h\/semaine<br \/>D\u00e8s que possible<br \/>1 poste \u00e0 pourvoir<br \/>\n\t\t\t\t\t\t\t\t\t\t\t\t\t\tChef de partie H\/F<br \/>\n\t\t\t\t\t\t\t\t\t\t\t\t\t\t\t\t\t\t\t\t\t\tDouarnenez<\/p>\n<p>Les offres<\/p>\n<h2>H\u00f4tel Ty Nad<\/h2>\n<p>\t\t\t\t\t\t\tSaisonnier : 30h\/semaine<br \/>De mi-mars \u00e0 novembre<br \/>1 poste \u00e0 pourvoir<br \/>\n\t\t\t\t\t\t\t\t\t\t\t\t\t\tValet\/Femme de chambre H\/F<br \/>\n\t\t\t\t\t\t\t\t\t\t\t\t\t\t\t\t\t\t\t\t\t\tDouarnenez<br \/>\n\t\t\t\t\t\t\tSaisonnier<br \/>\n\t\t\t\t\t\t\t\t\t\t\t\t\t\tChef de rang polyvalentH\/F<br \/>\n\t\t\t\t\t\t\t\t\t\t\t\t\t\t\t\t\t\t\t\t\t\tDouarnenez<\/p>\n<p>Les offres<\/p>\n<h2>Ar Gastronomie<\/h2>\n<p>\t\t\t\t\t\t\tCDI : 35h\/semaine<br \/>A partir d&rsquo;avril<br \/>1 poste \u00e0 pourvoir<br \/>\n\t\t\t\t\t\t\t\t\t\t\t\t\t\tServeur en restauration H\/F<br \/>\n\t\t\t\t\t\t\t\t\t\t\t\t\t\t\t\t\t\t\t\t\t\tKerlaz<br \/>\n\t\t\t\t\t\t\tCDI : 35h\/semaine<br \/>A partir de mai<br \/>1 poste \u00e0 pourvoir<br \/>\n\t\t\t\t\t\t\t\t\t\t\t\t\t\tCommis de cuisine H\/F<br \/>\n\t\t\t\t\t\t\t\t\t\t\t\t\t\t\t\t\t\t\t\t\t\tKerlaz<\/p>\n<p>Les offres<\/p>\n<h2>Huttopia<\/h2>\n<p>\t\t\t\t\t\t\tCDD : 35h\/semaine<br \/>2 mois<br \/>3-4 postes \u00e0 pourvoir<br \/>\n\t\t\t\t\t\t\t\t\t\t\t\t\t\tEmploy\u00e9 polyvalent camping H\/F H\/F<br \/>\n\t\t\t\t\t\t\t\t\t\t\t\t\t\t\t\t\t\t\t\t\t\tDouarnenez<\/p>\n<p>Les offres<\/p>\n<h2>Ternalia, Entre Littoral et Montagne<\/h2>\n<p>\t\t\t\t\t\t\tSaisonnier : 35h\/semaine<br \/>De mai \u00e0 septembre<br \/>\n\t\t\t\t\t\t\t\t\t\t\t\t\t\tR\u00e9ceptionniste H\/F<br \/>\n\t\t\t\t\t\t\t\t\t\t\t\t\t\t\t\t\t\t\t\t\t\tDouarnenez<br \/>\n\t\t\t\t\t\t\tSaisonnier : 35h\/semaine<br \/>De mai \u00e0 septembre<br \/>\n\t\t\t\t\t\t\t\t\t\t\t\t\t\tValet\/femme de chambre H\/F<br \/>\n\t\t\t\t\t\t\t\t\t\t\t\t\t\t\t\t\t\t\t\t\t\tDouarnenez<br \/>\n\t\t\t\t\t\t\tSaisonnier : 35h\/semaine<br \/>De mai \u00e0 septembre<br \/>\n\t\t\t\t\t\t\t\t\t\t\t\t\t\tServeur polyvalent H\/F<br \/>\n\t\t\t\t\t\t\t\t\t\t\t\t\t\t\t\t\t\t\t\t\t\tDouarnenez<br \/>\n\t\t\t\t\t\t\tSaisonnier : 35h\/semaine<br \/>6 mois<br \/>\n\t\t\t\t\t\t\t\t\t\t\t\t\t\tCommis de cuisine H\/F<br \/>\n\t\t\t\t\t\t\t\t\t\t\t\t\t\t\t\t\t\t\t\t\t\tDouarnenez<br \/>\n\t\t\t\t\t\t\tSaisonnier : 35h\/semaine<br \/>7 mois<br \/>\n\t\t\t\t\t\t\t\t\t\t\t\t\t\tChef de cuisine H\/F<br \/>\n\t\t\t\t\t\t\t\t\t\t\t\t\t\t\t\t\t\t\t\t\t\tDouarnenez<br \/>\n\t\t\t\t\t\t\tSaisonnier : 35h\/semaine<br \/>6 mois<br \/>\n\t\t\t\t\t\t\t\t\t\t\t\t\t\tServeur petit d\u00e9jeuner et service du midi H\/F<br \/>\n\t\t\t\t\t\t\t\t\t\t\t\t\t\t\t\t\t\t\t\t\t\tDouarnenez<\/p>\n","protected":false},"excerpt":{"rendered":"<p>Jeudi 26 f\u00e9vrier \u2013 Douarnenez 9h \u2013 12h : Salle des f\u00eates Job Dating Organisation Douarnenez communaut\u00e9 Les offres H\u00f4tel [&hellip;]<\/p>\n","protected":false},"author":2,"featured_media":0,"parent":0,"menu_order":0,"comment_status":"closed","ping_status":"closed","template":"","meta":{"site-sidebar-layout":"no-sidebar","site-content-layout":"","ast-site-content-layout":"full-width-container","site-content-style":"default","site-sidebar-style":"default","ast-global-header-display":"","ast-banner-title-visibility":"","ast-main-header-display":"","ast-hfb-above-header-display":"","ast-hfb-below-header-display":"","ast-hfb-mobile-header-display":"","site-post-title":"disabled","ast-breadcrumbs-content":"","ast-featured-img":"disabled","footer-sml-layout":"","theme-transparent-header-meta":"","adv-header-id-meta":"","stick-header-meta":"","header-above-stick-meta":"","header-main-stick-meta":"","header-below-stick-meta":"","astra-migrate-meta-layouts":"default","ast-page-background-enabled":"default","ast-page-background-meta":{"desktop":{"background-color":"var(--ast-global-color-5)","background-image":"","background-repeat":"repeat","background-position":"center center","background-size":"auto","background-attachment":"scroll","background-type":"","background-media":"","overlay-type":"","overlay-color":"","overlay-opacity":"","overlay-gradient":""},"tablet":{"background-color":"","background-image":"","background-repeat":"repeat","background-position":"center center","background-size":"auto","background-attachment":"scroll","background-type":"","background-media":"","overlay-type":"","overlay-color":"","overlay-opacity":"","overlay-gradient":""},"mobile":{"background-color":"","background-image":"","background-repeat":"repeat","background-position":"center center","background-size":"auto","background-attachment":"scroll","background-type":"","background-media":"","overlay-type":"","overlay-color":"","overlay-opacity":"","overlay-gradient":""}},"ast-content-background-meta":{"desktop":{"background-color":"var(--ast-global-color-4)","background-image":"","background-repeat":"repeat","background-position":"center center","background-size":"auto","background-attachment":"scroll","background-type":"","background-media":"","overlay-type":"","overlay-color":"","overlay-opacity":"","overlay-gradient":""},"tablet":{"background-color":"var(--ast-global-color-4)","background-image":"","background-repeat":"repeat","background-position":"center center","background-size":"auto","background-attachment":"scroll","background-type":"","background-media":"","overlay-type":"","overlay-color":"","overlay-opacity":"","overlay-gradient":""},"mobile":{"background-color":"var(--ast-global-color-4)","background-image":"","background-repeat":"repeat","background-position":"center center","background-size":"auto","background-attachment":"scroll","background-type":"","background-media":"","overlay-type":"","overlay-color":"","overlay-opacity":"","overlay-gradient":""}},"footnotes":""},"class_list":["post-624","page","type-page","status-publish","hentry"],"yoast_head":"<!-- This site is optimized with the Yoast SEO plugin v25.1 - https:\/\/yoast.com\/wordpress\/plugins\/seo\/ -->\n<title>Samedi 26 f\u00e9vrier \u2013 Douarnenez - Job tourisme en 29<\/title>\n<meta name=\"robots\" content=\"index, follow, max-snippet:-1, max-image-preview:large, max-video-preview:-1\" \/>\n<link rel=\"canonical\" href=\"https:\/\/www.jobtourisme29.fr\/index.php\/samedi-26-fevrier-douarnenez\/\" \/>\n<meta property=\"og:locale\" content=\"fr_FR\" \/>\n<meta property=\"og:type\" content=\"article\" \/>\n<meta property=\"og:title\" content=\"Samedi 26 f\u00e9vrier \u2013 Douarnenez - Job tourisme en 29\" \/>\n<meta property=\"og:description\" content=\"Jeudi 26 f\u00e9vrier \u2013 Douarnenez 9h \u2013 12h : Salle des f\u00eates Job Dating Organisation Douarnenez communaut\u00e9 Les offres H\u00f4tel [&hellip;]\" \/>\n<meta property=\"og:url\" content=\"https:\/\/www.jobtourisme29.fr\/index.php\/samedi-26-fevrier-douarnenez\/\" \/>\n<meta property=\"og:site_name\" content=\"Job tourisme en 29\" \/>\n<meta property=\"article:modified_time\" content=\"2026-03-05T10:57:47+00:00\" \/>\n<meta property=\"og:image\" content=\"https:\/\/www.jobtourisme29.fr\/wp-content\/uploads\/elementor\/thumbs\/bande-rose-e1737537862400-r0djc8cblbz73py1tbkvpmbpt2psj3fj9tgcodj8x4.gif\" \/>\n<meta name=\"twitter:card\" content=\"summary_large_image\" \/>\n<meta name=\"twitter:label1\" content=\"Dur\u00e9e de lecture estim\u00e9e\" \/>\n\t<meta name=\"twitter:data1\" content=\"3 minutes\" \/>\n<script type=\"application\/ld+json\" class=\"yoast-schema-graph\">{\"@context\":\"https:\/\/schema.org\",\"@graph\":[{\"@type\":\"WebPage\",\"@id\":\"https:\/\/www.jobtourisme29.fr\/index.php\/samedi-26-fevrier-douarnenez\/\",\"url\":\"https:\/\/www.jobtourisme29.fr\/index.php\/samedi-26-fevrier-douarnenez\/\",\"name\":\"Samedi 26 f\u00e9vrier \u2013 Douarnenez - Job tourisme en 29\",\"isPartOf\":{\"@id\":\"https:\/\/www.jobtourisme29.fr\/#website\"},\"primaryImageOfPage\":{\"@id\":\"https:\/\/www.jobtourisme29.fr\/index.php\/samedi-26-fevrier-douarnenez\/#primaryimage\"},\"image\":{\"@id\":\"https:\/\/www.jobtourisme29.fr\/index.php\/samedi-26-fevrier-douarnenez\/#primaryimage\"},\"thumbnailUrl\":\"https:\/\/www.jobtourisme29.fr\/wp-content\/uploads\/elementor\/thumbs\/bande-rose-e1737537862400-r0djc8cblbz73py1tbkvpmbpt2psj3fj9tgcodj8x4.gif\",\"datePublished\":\"2025-02-03T10:46:21+00:00\",\"dateModified\":\"2026-03-05T10:57:47+00:00\",\"breadcrumb\":{\"@id\":\"https:\/\/www.jobtourisme29.fr\/index.php\/samedi-26-fevrier-douarnenez\/#breadcrumb\"},\"inLanguage\":\"fr-FR\",\"potentialAction\":[{\"@type\":\"ReadAction\",\"target\":[\"https:\/\/www.jobtourisme29.fr\/index.php\/samedi-26-fevrier-douarnenez\/\"]}]},{\"@type\":\"ImageObject\",\"inLanguage\":\"fr-FR\",\"@id\":\"https:\/\/www.jobtourisme29.fr\/index.php\/samedi-26-fevrier-douarnenez\/#primaryimage\",\"url\":\"https:\/\/www.jobtourisme29.fr\/wp-content\/uploads\/elementor\/thumbs\/bande-rose-e1737537862400-r0djc8cblbz73py1tbkvpmbpt2psj3fj9tgcodj8x4.gif\",\"contentUrl\":\"https:\/\/www.jobtourisme29.fr\/wp-content\/uploads\/elementor\/thumbs\/bande-rose-e1737537862400-r0djc8cblbz73py1tbkvpmbpt2psj3fj9tgcodj8x4.gif\"},{\"@type\":\"BreadcrumbList\",\"@id\":\"https:\/\/www.jobtourisme29.fr\/index.php\/samedi-26-fevrier-douarnenez\/#breadcrumb\",\"itemListElement\":[{\"@type\":\"ListItem\",\"position\":1,\"name\":\"Accueil\",\"item\":\"https:\/\/www.jobtourisme29.fr\/\"},{\"@type\":\"ListItem\",\"position\":2,\"name\":\"Samedi 26 f\u00e9vrier \u2013 Douarnenez\"}]},{\"@type\":\"WebSite\",\"@id\":\"https:\/\/www.jobtourisme29.fr\/#website\",\"url\":\"https:\/\/www.jobtourisme29.fr\/\",\"name\":\"Job tourisme en 29\",\"description\":\"Un salon itin\u00e9rant finist\u00e9rien de l\u2019emploi des m\u00e9tiers du tourisme, camping et de l\u2019h\u00f4tellerie-restauration\",\"potentialAction\":[{\"@type\":\"SearchAction\",\"target\":{\"@type\":\"EntryPoint\",\"urlTemplate\":\"https:\/\/www.jobtourisme29.fr\/?s={search_term_string}\"},\"query-input\":{\"@type\":\"PropertyValueSpecification\",\"valueRequired\":true,\"valueName\":\"search_term_string\"}}],\"inLanguage\":\"fr-FR\"}]}<\/script>\n<!-- \/ Yoast SEO plugin. -->","yoast_head_json":{"title":"Samedi 26 f\u00e9vrier \u2013 Douarnenez - Job tourisme en 29","robots":{"index":"index","follow":"follow","max-snippet":"max-snippet:-1","max-image-preview":"max-image-preview:large","max-video-preview":"max-video-preview:-1"},"canonical":"https:\/\/www.jobtourisme29.fr\/index.php\/samedi-26-fevrier-douarnenez\/","og_locale":"fr_FR","og_type":"article","og_title":"Samedi 26 f\u00e9vrier \u2013 Douarnenez - Job tourisme en 29","og_description":"Jeudi 26 f\u00e9vrier \u2013 Douarnenez 9h \u2013 12h : Salle des f\u00eates Job Dating Organisation Douarnenez communaut\u00e9 Les offres H\u00f4tel [&hellip;]","og_url":"https:\/\/www.jobtourisme29.fr\/index.php\/samedi-26-fevrier-douarnenez\/","og_site_name":"Job tourisme en 29","article_modified_time":"2026-03-05T10:57:47+00:00","og_image":[{"url":"https:\/\/www.jobtourisme29.fr\/wp-content\/uploads\/elementor\/thumbs\/bande-rose-e1737537862400-r0djc8cblbz73py1tbkvpmbpt2psj3fj9tgcodj8x4.gif","type":"","width":"","height":""}],"twitter_card":"summary_large_image","twitter_misc":{"Dur\u00e9e de lecture estim\u00e9e":"3 minutes"},"schema":{"@context":"https:\/\/schema.org","@graph":[{"@type":"WebPage","@id":"https:\/\/www.jobtourisme29.fr\/index.php\/samedi-26-fevrier-douarnenez\/","url":"https:\/\/www.jobtourisme29.fr\/index.php\/samedi-26-fevrier-douarnenez\/","name":"Samedi 26 f\u00e9vrier \u2013 Douarnenez - Job tourisme en 29","isPartOf":{"@id":"https:\/\/www.jobtourisme29.fr\/#website"},"primaryImageOfPage":{"@id":"https:\/\/www.jobtourisme29.fr\/index.php\/samedi-26-fevrier-douarnenez\/#primaryimage"},"image":{"@id":"https:\/\/www.jobtourisme29.fr\/index.php\/samedi-26-fevrier-douarnenez\/#primaryimage"},"thumbnailUrl":"https:\/\/www.jobtourisme29.fr\/wp-content\/uploads\/elementor\/thumbs\/bande-rose-e1737537862400-r0djc8cblbz73py1tbkvpmbpt2psj3fj9tgcodj8x4.gif","datePublished":"2025-02-03T10:46:21+00:00","dateModified":"2026-03-05T10:57:47+00:00","breadcrumb":{"@id":"https:\/\/www.jobtourisme29.fr\/index.php\/samedi-26-fevrier-douarnenez\/#breadcrumb"},"inLanguage":"fr-FR","potentialAction":[{"@type":"ReadAction","target":["https:\/\/www.jobtourisme29.fr\/index.php\/samedi-26-fevrier-douarnenez\/"]}]},{"@type":"ImageObject","inLanguage":"fr-FR","@id":"https:\/\/www.jobtourisme29.fr\/index.php\/samedi-26-fevrier-douarnenez\/#primaryimage","url":"https:\/\/www.jobtourisme29.fr\/wp-content\/uploads\/elementor\/thumbs\/bande-rose-e1737537862400-r0djc8cblbz73py1tbkvpmbpt2psj3fj9tgcodj8x4.gif","contentUrl":"https:\/\/www.jobtourisme29.fr\/wp-content\/uploads\/elementor\/thumbs\/bande-rose-e1737537862400-r0djc8cblbz73py1tbkvpmbpt2psj3fj9tgcodj8x4.gif"},{"@type":"BreadcrumbList","@id":"https:\/\/www.jobtourisme29.fr\/index.php\/samedi-26-fevrier-douarnenez\/#breadcrumb","itemListElement":[{"@type":"ListItem","position":1,"name":"Accueil","item":"https:\/\/www.jobtourisme29.fr\/"},{"@type":"ListItem","position":2,"name":"Samedi 26 f\u00e9vrier \u2013 Douarnenez"}]},{"@type":"WebSite","@id":"https:\/\/www.jobtourisme29.fr\/#website","url":"https:\/\/www.jobtourisme29.fr\/","name":"Job tourisme en 29","description":"Un salon itin\u00e9rant finist\u00e9rien de l\u2019emploi des m\u00e9tiers du tourisme, camping et de l\u2019h\u00f4tellerie-restauration","potentialAction":[{"@type":"SearchAction","target":{"@type":"EntryPoint","urlTemplate":"https:\/\/www.jobtourisme29.fr\/?s={search_term_string}"},"query-input":{"@type":"PropertyValueSpecification","valueRequired":true,"valueName":"search_term_string"}}],"inLanguage":"fr-FR"}]}},"_links":{"self":[{"href":"https:\/\/www.jobtourisme29.fr\/index.php\/wp-json\/wp\/v2\/pages\/624","targetHints":{"allow":["GET"]}}],"collection":[{"href":"https:\/\/www.jobtourisme29.fr\/index.php\/wp-json\/wp\/v2\/pages"}],"about":[{"href":"https:\/\/www.jobtourisme29.fr\/index.php\/wp-json\/wp\/v2\/types\/page"}],"author":[{"embeddable":true,"href":"https:\/\/www.jobtourisme29.fr\/index.php\/wp-json\/wp\/v2\/users\/2"}],"replies":[{"embeddable":true,"href":"https:\/\/www.jobtourisme29.fr\/index.php\/wp-json\/wp\/v2\/comments?post=624"}],"version-history":[{"count":33,"href":"https:\/\/www.jobtourisme29.fr\/index.php\/wp-json\/wp\/v2\/pages\/624\/revisions"}],"predecessor-version":[{"id":2762,"href":"https:\/\/www.jobtourisme29.fr\/index.php\/wp-json\/wp\/v2\/pages\/624\/revisions\/2762"}],"wp:attachment":[{"href":"https:\/\/www.jobtourisme29.fr\/index.php\/wp-json\/wp\/v2\/media?parent=624"}],"curies":[{"name":"wp","href":"https:\/\/api.w.org\/{rel}","templated":true}]}}